{"id":4957,"date":"2022-05-03T08:50:37","date_gmt":"2022-05-03T06:50:37","guid":{"rendered":"https:\/\/elkomarine.rs\/usluge\/marina\/"},"modified":"2023-04-19T16:21:36","modified_gmt":"2023-04-19T14:21:36","slug":"marina","status":"publish","type":"page","link":"https:\/\/elkomarine.rs\/en\/services\/marina\/","title":{"rendered":"Marina"},"content":{"rendered":"","protected":false},"excerpt":{"rendered":"","protected":false},"author":1,"featured_media":0,"parent":4947,"menu_order":46,"comment_status":"closed","ping_status":"closed","template":"templates\/flexible.php","meta":{"_acf_changed":false,"footnotes":""},"class_list":["post-4957","page","type-page","status-publish","hentry"],"acf":[],"yoast_head":"<!-- This site is optimized with the Yoast SEO Premium plugin v18.7 (Yoast SEO v26.6) - https:\/\/yoast.com\/wordpress\/plugins\/seo\/ -->\n<title>Marina \u0160pic Novi Sad - Ribarsko ostrvo - Elko Marine<\/title>\n<meta name=\"description\" content=\"Marina \u0160pic Novi Sad. Svi \u010dlanovi uz vez imaju na raspolaganju \u0161irok asortiman usluga i sadr\u017eaja. Raj za ljubitelje plovila i nautike.\" \/>\n<meta name=\"robots\" content=\"index, follow, max-snippet:-1, max-image-preview:large, max-video-preview:-1\" \/>\n<link rel=\"canonical\" href=\"https:\/\/elkomarine.rs\/en\/services\/marina\/\" \/>\n<meta property=\"og:locale\" content=\"en_US\" \/>\n<meta property=\"og:type\" content=\"article\" \/>\n<meta property=\"og:title\" content=\"Marina \u0160pic Novi Sad - Ribarsko ostrvo - Elko Marine\" \/>\n<meta property=\"og:description\" content=\"Marina \u0160pic Novi Sad. Svi \u010dlanovi uz vez imaju na raspolaganju \u0161irok asortiman usluga i sadr\u017eaja. Raj za ljubitelje plovila i nautike.\" \/>\n<meta property=\"og:url\" content=\"https:\/\/elkomarine.rs\/en\/services\/marina\/\" \/>\n<meta property=\"og:site_name\" content=\"Elko Marine\" \/>\n<meta property=\"article:modified_time\" content=\"2023-04-19T14:21:36+00:00\" \/>\n<meta name=\"twitter:card\" content=\"summary_large_image\" \/>\n<script type=\"application\/ld+json\" class=\"yoast-schema-graph\">{\"@context\":\"https:\/\/schema.org\",\"@graph\":[{\"@type\":\"WebPage\",\"@id\":\"https:\/\/elkomarine.rs\/en\/services\/marina\/\",\"url\":\"https:\/\/elkomarine.rs\/en\/services\/marina\/\",\"name\":\"Marina \u0160pic Novi Sad - Ribarsko ostrvo - Elko Marine\",\"isPartOf\":{\"@id\":\"https:\/\/elkomarine.rs\/en\/#website\"},\"datePublished\":\"2022-05-03T06:50:37+00:00\",\"dateModified\":\"2023-04-19T14:21:36+00:00\",\"description\":\"Marina \u0160pic Novi Sad. Svi \u010dlanovi uz vez imaju na raspolaganju \u0161irok asortiman usluga i sadr\u017eaja. Raj za ljubitelje plovila i nautike.\",\"breadcrumb\":{\"@id\":\"https:\/\/elkomarine.rs\/en\/services\/marina\/#breadcrumb\"},\"inLanguage\":\"en-US\",\"potentialAction\":[{\"@type\":\"ReadAction\",\"target\":[\"https:\/\/elkomarine.rs\/en\/services\/marina\/\"]}]},{\"@type\":\"BreadcrumbList\",\"@id\":\"https:\/\/elkomarine.rs\/en\/services\/marina\/#breadcrumb\",\"itemListElement\":[{\"@type\":\"ListItem\",\"position\":1,\"name\":\"Services\",\"item\":\"https:\/\/elkomarine.rs\/en\/services\/\"},{\"@type\":\"ListItem\",\"position\":2,\"name\":\"Marina\"}]},{\"@type\":\"WebSite\",\"@id\":\"https:\/\/elkomarine.rs\/en\/#website\",\"url\":\"https:\/\/elkomarine.rs\/en\/\",\"name\":\"Elko Marine\",\"description\":\"Va\u0161e plovilo, na\u0161a briga.\",\"publisher\":{\"@id\":\"https:\/\/elkomarine.rs\/en\/#organization\"},\"potentialAction\":[{\"@type\":\"SearchAction\",\"target\":{\"@type\":\"EntryPoint\",\"urlTemplate\":\"https:\/\/elkomarine.rs\/en\/?s={search_term_string}\"},\"query-input\":{\"@type\":\"PropertyValueSpecification\",\"valueRequired\":true,\"valueName\":\"search_term_string\"}}],\"inLanguage\":\"en-US\"},{\"@type\":\"Organization\",\"@id\":\"https:\/\/elkomarine.rs\/en\/#organization\",\"name\":\"Elko Marine\",\"url\":\"https:\/\/elkomarine.rs\/en\/\",\"logo\":{\"@type\":\"ImageObject\",\"inLanguage\":\"en-US\",\"@id\":\"https:\/\/elkomarine.rs\/en\/#\/schema\/logo\/image\/\",\"url\":\"https:\/\/elkomarine.rs\/wp-content\/uploads\/2022\/03\/cropped-favicon.png\",\"contentUrl\":\"https:\/\/elkomarine.rs\/wp-content\/uploads\/2022\/03\/cropped-favicon.png\",\"width\":512,\"height\":512,\"caption\":\"Elko Marine\"},\"image\":{\"@id\":\"https:\/\/elkomarine.rs\/en\/#\/schema\/logo\/image\/\"}}]}<\/script>\n<!-- \/ Yoast SEO Premium plugin. -->","yoast_head_json":{"title":"Marina \u0160pic Novi Sad - Ribarsko ostrvo - Elko Marine","description":"Marina \u0160pic Novi Sad. Svi \u010dlanovi uz vez imaju na raspolaganju \u0161irok asortiman usluga i sadr\u017eaja. Raj za ljubitelje plovila i nautike.","robots":{"index":"index","follow":"follow","max-snippet":"max-snippet:-1","max-image-preview":"max-image-preview:large","max-video-preview":"max-video-preview:-1"},"canonical":"https:\/\/elkomarine.rs\/en\/services\/marina\/","og_locale":"en_US","og_type":"article","og_title":"Marina \u0160pic Novi Sad - Ribarsko ostrvo - Elko Marine","og_description":"Marina \u0160pic Novi Sad. Svi \u010dlanovi uz vez imaju na raspolaganju \u0161irok asortiman usluga i sadr\u017eaja. Raj za ljubitelje plovila i nautike.","og_url":"https:\/\/elkomarine.rs\/en\/services\/marina\/","og_site_name":"Elko Marine","article_modified_time":"2023-04-19T14:21:36+00:00","twitter_card":"summary_large_image","schema":{"@context":"https:\/\/schema.org","@graph":[{"@type":"WebPage","@id":"https:\/\/elkomarine.rs\/en\/services\/marina\/","url":"https:\/\/elkomarine.rs\/en\/services\/marina\/","name":"Marina \u0160pic Novi Sad - Ribarsko ostrvo - Elko Marine","isPartOf":{"@id":"https:\/\/elkomarine.rs\/en\/#website"},"datePublished":"2022-05-03T06:50:37+00:00","dateModified":"2023-04-19T14:21:36+00:00","description":"Marina \u0160pic Novi Sad. Svi \u010dlanovi uz vez imaju na raspolaganju \u0161irok asortiman usluga i sadr\u017eaja. Raj za ljubitelje plovila i nautike.","breadcrumb":{"@id":"https:\/\/elkomarine.rs\/en\/services\/marina\/#breadcrumb"},"inLanguage":"en-US","potentialAction":[{"@type":"ReadAction","target":["https:\/\/elkomarine.rs\/en\/services\/marina\/"]}]},{"@type":"BreadcrumbList","@id":"https:\/\/elkomarine.rs\/en\/services\/marina\/#breadcrumb","itemListElement":[{"@type":"ListItem","position":1,"name":"Services","item":"https:\/\/elkomarine.rs\/en\/services\/"},{"@type":"ListItem","position":2,"name":"Marina"}]},{"@type":"WebSite","@id":"https:\/\/elkomarine.rs\/en\/#website","url":"https:\/\/elkomarine.rs\/en\/","name":"Elko Marine","description":"Va\u0161e plovilo, na\u0161a briga.","publisher":{"@id":"https:\/\/elkomarine.rs\/en\/#organization"},"potentialAction":[{"@type":"SearchAction","target":{"@type":"EntryPoint","urlTemplate":"https:\/\/elkomarine.rs\/en\/?s={search_term_string}"},"query-input":{"@type":"PropertyValueSpecification","valueRequired":true,"valueName":"search_term_string"}}],"inLanguage":"en-US"},{"@type":"Organization","@id":"https:\/\/elkomarine.rs\/en\/#organization","name":"Elko Marine","url":"https:\/\/elkomarine.rs\/en\/","logo":{"@type":"ImageObject","inLanguage":"en-US","@id":"https:\/\/elkomarine.rs\/en\/#\/schema\/logo\/image\/","url":"https:\/\/elkomarine.rs\/wp-content\/uploads\/2022\/03\/cropped-favicon.png","contentUrl":"https:\/\/elkomarine.rs\/wp-content\/uploads\/2022\/03\/cropped-favicon.png","width":512,"height":512,"caption":"Elko Marine"},"image":{"@id":"https:\/\/elkomarine.rs\/en\/#\/schema\/logo\/image\/"}}]}},"_links":{"self":[{"href":"https:\/\/elkomarine.rs\/en\/wp-json\/wp\/v2\/pages\/4957","targetHints":{"allow":["GET"]}}],"collection":[{"href":"https:\/\/elkomarine.rs\/en\/wp-json\/wp\/v2\/pages"}],"about":[{"href":"https:\/\/elkomarine.rs\/en\/wp-json\/wp\/v2\/types\/page"}],"author":[{"embeddable":true,"href":"https:\/\/elkomarine.rs\/en\/wp-json\/wp\/v2\/users\/1"}],"replies":[{"embeddable":true,"href":"https:\/\/elkomarine.rs\/en\/wp-json\/wp\/v2\/comments?post=4957"}],"version-history":[{"count":6,"href":"https:\/\/elkomarine.rs\/en\/wp-json\/wp\/v2\/pages\/4957\/revisions"}],"predecessor-version":[{"id":7305,"href":"https:\/\/elkomarine.rs\/en\/wp-json\/wp\/v2\/pages\/4957\/revisions\/7305"}],"up":[{"embeddable":true,"href":"https:\/\/elkomarine.rs\/en\/wp-json\/wp\/v2\/pages\/4947"}],"wp:attachment":[{"href":"https:\/\/elkomarine.rs\/en\/wp-json\/wp\/v2\/media?parent=4957"}],"curies":[{"name":"wp","href":"https:\/\/api.w.org\/{rel}","templated":true}]}}